{"id":18577,"date":"2024-03-22T03:41:44","date_gmt":"2024-03-22T03:41:44","guid":{"rendered":"http:\/\/travelami.templaza.net\/?page_id=18577"},"modified":"2025-09-17T21:31:48","modified_gmt":"2025-09-17T21:31:48","slug":"about-us","status":"publish","type":"page","link":"https:\/\/www.ardeatravel.com\/?page_id=18577","title":{"rendered":"About Us"},"content":{"rendered":"\t\t<div data-elementor-type=\"wp-page\" data-elementor-id=\"18577\" class=\"elementor elementor-18577\">\n\t\t\t\t<div class=\"elementor-element elementor-element-414e5f1 e-flex e-con-boxed e-con e-parent\" data-id=\"414e5f1\" data-element_type=\"container\">\n\t\t\t\t\t<div class=\"e-con-inner\">\n\t\t\t\t<div class=\"elementor-element elementor-element-a11aa16 elementor-widget-divider--view-line elementor-widget elementor-widget-divider\" data-id=\"a11aa16\" data-element_type=\"widget\" data-widget_type=\"divider.default\">\n\t\t\t\t\t\t\t<div class=\"elementor-divider\">\n\t\t\t<span class=\"elementor-divider-separator\">\n\t\t\t\t\t\t<\/span>\n\t\t<\/div>\n\t\t\t\t\t\t<\/div>\n\t\t\t\t\t<\/div>\n\t\t\t\t<\/div>\n\t\t<div class=\"elementor-element elementor-element-3d42ea5 e-flex e-con-boxed e-con e-parent\" data-id=\"3d42ea5\" data-element_type=\"container\">\n\t\t\t\t\t<div class=\"e-con-inner\">\n\t\t\t\t<div class=\"elementor-element elementor-element-6badcd9 elementor-widget elementor-widget-heading\" data-id=\"6badcd9\" data-element_type=\"widget\" data-widget_type=\"heading.default\">\n\t\t\t\t\t<h2 class=\"elementor-heading-title elementor-size-default\">Ardea Travel es una agencia de viajes boutique especializada en experiencias de lujo y wellness, por todo el mundo<\/h2>\t\t\t\t<\/div>\n\t\t\t\t\t<\/div>\n\t\t\t\t<\/div>\n\t\t<div class=\"elementor-element elementor-element-4f1606a e-flex e-con-boxed e-con e-parent\" data-id=\"4f1606a\" data-element_type=\"container\">\n\t\t\t\t\t<div class=\"e-con-inner\">\n\t\t\t\t<div class=\"elementor-element elementor-element-2a82c8d elementor-widget-divider--view-line elementor-widget elementor-widget-divider\" data-id=\"2a82c8d\" data-element_type=\"widget\" data-widget_type=\"divider.default\">\n\t\t\t\t\t\t\t<div class=\"elementor-divider\">\n\t\t\t<span class=\"elementor-divider-separator\">\n\t\t\t\t\t\t<\/span>\n\t\t<\/div>\n\t\t\t\t\t\t<\/div>\n\t\t\t\t\t<\/div>\n\t\t\t\t<\/div>\n\t\t<div class=\"elementor-element elementor-element-3cd8fe7 e-grid e-con-boxed e-con e-parent\" data-id=\"3cd8fe7\" data-element_type=\"container\">\n\t\t\t\t\t<div class=\"e-con-inner\">\n\t\t\t\t<div class=\"elementor-element elementor-element-068e801 elementor-widget elementor-widget-image\" data-id=\"068e801\" data-element_type=\"widget\" data-widget_type=\"image.default\">\n\t\t\t\t\t\t\t\t\t\t\t\t\t\t\t<img fetchpriority=\"high\" decoding=\"async\" width=\"580\" height=\"604\" src=\"https:\/\/www.ardeatravel.com\/wp-content\/uploads\/2025\/09\/Screenshot-2025-09-17-at-3.12.11-p.m.png\" class=\"attachment-large size-large wp-image-21863\" alt=\"\" srcset=\"https:\/\/www.ardeatravel.com\/wp-content\/uploads\/2025\/09\/Screenshot-2025-09-17-at-3.12.11-p.m.png 884w, https:\/\/www.ardeatravel.com\/wp-content\/uploads\/2025\/09\/Screenshot-2025-09-17-at-3.12.11-p.m-288x300.png 288w, https:\/\/www.ardeatravel.com\/wp-content\/uploads\/2025\/09\/Screenshot-2025-09-17-at-3.12.11-p.m-768x799.png 768w, https:\/\/www.ardeatravel.com\/wp-content\/uploads\/2025\/09\/Screenshot-2025-09-17-at-3.12.11-p.m-600x624.png 600w\" sizes=\"(max-width: 580px) 100vw, 580px\" \/>\t\t\t\t\t\t\t\t\t\t\t\t\t\t\t<\/div>\n\t\t\t\t<div class=\"elementor-element elementor-element-24be582 elementor-widget elementor-widget-image\" data-id=\"24be582\" data-element_type=\"widget\" data-widget_type=\"image.default\">\n\t\t\t\t\t\t\t\t\t\t\t\t\t\t\t<img decoding=\"async\" width=\"580\" height=\"605\" src=\"https:\/\/www.ardeatravel.com\/wp-content\/uploads\/2025\/09\/Screenshot-2025-09-17-at-3.12.18-p.m.png\" class=\"attachment-large size-large wp-image-21864\" alt=\"\" srcset=\"https:\/\/www.ardeatravel.com\/wp-content\/uploads\/2025\/09\/Screenshot-2025-09-17-at-3.12.18-p.m.png 880w, https:\/\/www.ardeatravel.com\/wp-content\/uploads\/2025\/09\/Screenshot-2025-09-17-at-3.12.18-p.m-288x300.png 288w, https:\/\/www.ardeatravel.com\/wp-content\/uploads\/2025\/09\/Screenshot-2025-09-17-at-3.12.18-p.m-768x801.png 768w, https:\/\/www.ardeatravel.com\/wp-content\/uploads\/2025\/09\/Screenshot-2025-09-17-at-3.12.18-p.m-600x626.png 600w\" sizes=\"(max-width: 580px) 100vw, 580px\" \/>\t\t\t\t\t\t\t\t\t\t\t\t\t\t\t<\/div>\n\t\t\t\t\t<\/div>\n\t\t\t\t<\/div>\n\t\t<div class=\"elementor-element elementor-element-255bd9b e-grid e-con-boxed e-con e-parent\" data-id=\"255bd9b\" data-element_type=\"container\">\n\t\t\t\t\t<div class=\"e-con-inner\">\n\t\t\t\t<div class=\"elementor-element elementor-element-a09bf08 elementor-widget elementor-widget-text-editor\" data-id=\"a09bf08\" data-element_type=\"widget\" data-widget_type=\"text-editor.default\">\n\t\t\t\t\t\t\t\t\t<h3>Experiencias Exclusivas<\/h3><p>Organizamos Tours privados y actividades \u00fanicas (arte, gastronom\u00eda, wellness, cultura, entre otros) as\u00ed como acceso a experiencias locales aut\u00e9nticas seleccionadas cuidadosamente<\/p>\t\t\t\t\t\t\t\t<\/div>\n\t\t\t\t<div class=\"elementor-element elementor-element-2d23f1d elementor-widget elementor-widget-text-editor\" data-id=\"2d23f1d\" data-element_type=\"widget\" data-widget_type=\"text-editor.default\">\n\t\t\t\t\t\t\t\t\t<h3>Viajes Personalizados<\/h3><p>Trabajamos de manera personalizada para crear itinerarios \u00fanicos y, gracias a nuestra afilicaci\u00f3n con Fora- una de las redes de asesores de viaje m\u00e1s reconocidas en el mundo- podemos ofrecer beneficios exclusivos como upgrades, cr\u00e9ditos en hoteles y experiencias VIP que hacen cada viaje a\u00fan m\u00e1s especial<\/p>\t\t\t\t\t\t\t\t<\/div>\n\t\t\t\t\t<\/div>\n\t\t\t\t<\/div>\n\t\t<div class=\"elementor-element elementor-element-d0d2ee6 e-flex e-con-boxed e-con e-parent\" data-id=\"d0d2ee6\" data-element_type=\"container\">\n\t\t\t\t\t<div class=\"e-con-inner\">\n\t\t\t\t<div class=\"elementor-element elementor-element-5d3e4ff elementor-widget__width-initial elementor-widget elementor-widget-video\" data-id=\"5d3e4ff\" data-element_type=\"widget\" data-settings=\"{&quot;video_type&quot;:&quot;hosted&quot;,&quot;controls&quot;:&quot;yes&quot;}\" data-widget_type=\"video.default\">\n\t\t\t\t\t\t\t<div class=\"e-hosted-video elementor-wrapper elementor-open-inline\">\n\t\t\t\t\t<video class=\"elementor-video\" src=\"https:\/\/www.ardeatravel.com\/wp-content\/uploads\/2025\/09\/556DC6BD-81A2-48BC-AF06-62AD224234E1_2_0_a-1.mov\" controls=\"\" preload=\"metadata\" controlsList=\"nodownload\" poster=\"https:\/\/www.ardeatravel.com\/wp-content\/uploads\/2025\/09\/Screenshot-2025-09-17-at-3.22.55-p.m.png\"><\/video>\n\t\t\t\t<\/div>\n\t\t\t\t\t\t<\/div>\n\t\t\t\t\t<\/div>\n\t\t\t\t<\/div>\n\t\t<div class=\"elementor-element elementor-element-b399f99 e-flex e-con-boxed e-con e-parent\" data-id=\"b399f99\" data-element_type=\"container\">\n\t\t\t\t\t<div class=\"e-con-inner\">\n\t\t\t\t<div class=\"elementor-element elementor-element-af7e76e elementor-widget elementor-widget-text-editor\" data-id=\"af7e76e\" data-element_type=\"widget\" data-widget_type=\"text-editor.default\">\n\t\t\t\t\t\t\t\t\t<p>One of our favorite hotels<br \/>Our Habitas- Al Ula, Saudi Arabia<\/p>\t\t\t\t\t\t\t\t<\/div>\n\t\t\t\t\t<\/div>\n\t\t\t\t<\/div>\n\t\t\t\t<\/div>\n\t\t","protected":false},"excerpt":{"rendered":"<p>Ardea Travel es una agencia de viajes boutique especializada en experiencias de lujo y wellness, por todo el mundo Experiencias Exclusivas Organizamos Tours privados y actividades \u00fanicas (arte, gastronom\u00eda, wellness, cultura, entre otros) as\u00ed como acceso a experiencias locales aut\u00e9nticas seleccionadas cuidadosamente Viajes Personalizados Trabajamos de manera personalizada para crear itinerarios \u00fanicos y, gracias a&hellip; <a class=\"more-link\" href=\"https:\/\/www.ardeatravel.com\/?page_id=18577\">Continue reading <span class=\"screen-reader-text\">About Us<\/span><\/a><\/p>\n","protected":false},"author":1,"featured_media":0,"parent":0,"menu_order":0,"comment_status":"closed","ping_status":"closed","template":"","meta":{"footnotes":""},"class_list":["post-18577","page","type-page","status-publish","hentry","layout-1","product-add-to-cart-ajax"],"_links":{"self":[{"href":"https:\/\/www.ardeatravel.com\/index.php?rest_route=\/wp\/v2\/pages\/18577","targetHints":{"allow":["GET"]}}],"collection":[{"href":"https:\/\/www.ardeatravel.com\/index.php?rest_route=\/wp\/v2\/pages"}],"about":[{"href":"https:\/\/www.ardeatravel.com\/index.php?rest_route=\/wp\/v2\/types\/page"}],"author":[{"embeddable":true,"href":"https:\/\/www.ardeatravel.com\/index.php?rest_route=\/wp\/v2\/users\/1"}],"replies":[{"embeddable":true,"href":"https:\/\/www.ardeatravel.com\/index.php?rest_route=%2Fwp%2Fv2%2Fcomments&post=18577"}],"version-history":[{"count":3,"href":"https:\/\/www.ardeatravel.com\/index.php?rest_route=\/wp\/v2\/pages\/18577\/revisions"}],"predecessor-version":[{"id":21871,"href":"https:\/\/www.ardeatravel.com\/index.php?rest_route=\/wp\/v2\/pages\/18577\/revisions\/21871"}],"wp:attachment":[{"href":"https:\/\/www.ardeatravel.com\/index.php?rest_route=%2Fwp%2Fv2%2Fmedia&parent=18577"}],"curies":[{"name":"wp","href":"https:\/\/api.w.org\/{rel}","templated":true}]}}